{"id":1485,"date":"2023-07-17T13:04:28","date_gmt":"2023-07-17T11:04:28","guid":{"rendered":"http:\/\/discerma.com\/producto\/filmcooking\/"},"modified":"2023-09-20T15:36:42","modified_gmt":"2023-09-20T13:36:42","slug":"filmcooking","status":"publish","type":"product","link":"http:\/\/discerma.com\/ca\/producto\/filmcooking\/","title":{"rendered":"FilmCooking"},"content":{"rendered":"<p><strong>Cuina els teus aliments a la perfecci\u00f3 amb FilmCooking<\/strong><\/p>\n<p><span style=\"font-weight: 400;\">El processament l\u00e0ser i les nostres v\u00e0lvules patentades permeten el cuinat dels teus aliments dins de l&#8217;env\u00e0s.<\/span><\/p>\n","protected":false},"excerpt":{"rendered":"<div class=\"page\" title=\"Page 2\">\n<div class=\"section\">\n<div class=\"layoutArea\">\n<div class=\"column\">\n<p><strong>Perforaci\u00f3 l\u00e0ser i v\u00e0lvula patentada<\/strong><\/p>\n<\/div>\n<\/div>\n<\/div>\n<\/div>\n","protected":false},"featured_media":576,"comment_status":"open","ping_status":"closed","template":"","meta":{"_et_pb_use_builder":"on","_et_pb_old_content":"<strong>Cuina els teus aliments a la perfecci\u00f3 amb FilmCooking<\/strong>\n\n<span style=\"font-weight: 400;\">El processament l\u00e0ser i les nostres v\u00e0lvules patentades permeten el cuinat dels teus aliments dins de l'env\u00e0s.<\/span>","_et_gb_content_width":""},"product_cat":[45],"product_tag":[],"class_list":["post-1485","product","type-product","status-publish","has-post-thumbnail","hentry","product_cat-sense-categoritzar"],"_links":{"self":[{"href":"http:\/\/discerma.com\/ca\/wp-json\/wp\/v2\/product\/1485","targetHints":{"allow":["GET"]}}],"collection":[{"href":"http:\/\/discerma.com\/ca\/wp-json\/wp\/v2\/product"}],"about":[{"href":"http:\/\/discerma.com\/ca\/wp-json\/wp\/v2\/types\/product"}],"replies":[{"embeddable":true,"href":"http:\/\/discerma.com\/ca\/wp-json\/wp\/v2\/comments?post=1485"}],"wp:featuredmedia":[{"embeddable":true,"href":"http:\/\/discerma.com\/ca\/wp-json\/wp\/v2\/media\/576"}],"wp:attachment":[{"href":"http:\/\/discerma.com\/ca\/wp-json\/wp\/v2\/media?parent=1485"}],"wp:term":[{"taxonomy":"product_cat","embeddable":true,"href":"http:\/\/discerma.com\/ca\/wp-json\/wp\/v2\/product_cat?post=1485"},{"taxonomy":"product_tag","embeddable":true,"href":"http:\/\/discerma.com\/ca\/wp-json\/wp\/v2\/product_tag?post=1485"}],"curies":[{"name":"wp","href":"https:\/\/api.w.org\/{rel}","templated":true}]}}